{"id":160,"date":"2026-03-16T08:00:25","date_gmt":"2026-03-16T07:00:25","guid":{"rendered":"https:\/\/dataart.studiostron.com.pl\/polityka-prywatnosci\/"},"modified":"2026-04-01T11:55:19","modified_gmt":"2026-04-01T09:55:19","slug":"polityka-prywatnosci","status":"publish","type":"page","link":"https:\/\/dataart.studiostron.com.pl\/pl\/polityka-prywatnosci\/","title":{"rendered":"Polityka Prywatno\u015bci"},"content":{"rendered":"<div class=\"container wysiwyg-content\">\n    \n<p><strong>I. POSTANOWIENIA OG\u00d3LNE<\/strong><\/p>\n\n<\/div>\n\n<div class=\"container wysiwyg-content\">\n    \n<p>1.1. Polityka Prywatno\u015bci (dalej tak\u017ce jako \u201ePolityka\u201d) ma charakter informacyjny i jest spe\u0142nieniem obowi\u0105zk\u00f3w informacyjnych na\u0142o\u017conych na administratora danych przez RODO tj.&nbsp;Rozporz\u0105dzenie 2016\/679 z dnia 27 kwietnia 2016 r. w sprawie ochrony os\u00f3b fizycznych w&nbsp;zwi\u0105zku z przetwarzaniem danych osobowych i w sprawie swobodnego przep\u0142ywu takich danych oraz uchylenia dyrektywy 95\/46\/WE (og\u00f3lne rozporz\u0105dzenie o ochronie danych) (\u201eRODO\u201d). Ka\u017cdy, kto korzysta ze strony internetowej pod adresem https:\/\/data-art.eu (dalej jako \u201eStrona\u201d lub \u201eWitryna\u201d) powinien zapozna\u0107 si\u0119 z Polityk\u0105 Prywatno\u015bci.<\/p>\n\n<\/div>\n\n<div class=\"container wysiwyg-content\">\n    \n<p>1.2. Niniejsza Polityka okre\u015bla zasady gromadzenia, przechowywania i przetwarzania danych osobowych os\u00f3b korzystaj\u0105cych ze Strony oraz wykorzystania plik\u00f3w cookies w zwi\u0105zku z&nbsp;funkcjonowaniem Strony.<\/p>\n\n<\/div>\n\n<div class=\"container wysiwyg-content\">\n    \n<p><strong>II. ADMINISTRATOR DANYCH OSOBOWYCH<\/strong><\/p>\n\n<\/div>\n\n<div class=\"container wysiwyg-content\">\n    \n<p>2.1. Administratorem danych osobowych jest DATA ART Sp. z o.o. z siedzib\u0105 w Toruniu (87-100) przy ul. W\u0142oc\u0142awskiej 161 zarejestrowana w S\u0105dzie Rejonowym w Toruniu VII Wydzia\u0142 Gospodarczy Krajowego Rejestru S\u0105dowego, KRS 0001149704, NIP 9562399584, Regon 540680689 (dalej jako \u201eAdministrator&#8221; lub \u201eDATA ART&#8221;).<\/p>\n\n<\/div>\n\n<div class=\"container wysiwyg-content\">\n    \n<p>2.2. W razie pyta\u0144 lub w\u0105tpliwo\u015bci dotycz\u0105cych przetwarzania danych osobowych oraz korzystania z praw zwi\u0105zanych z przetwarzaniem tych danych przez Administratora, mo\u017cna si\u0119 skontaktowa\u0107 z Inspektorem Ochrony Danych listownie (z dopiskiem \u201eInspektor Ochrony Danych&#8221;) na podany powy\u017cej adres siedziby lub przez email: office@data-art.eu<\/p>\n\n<\/div>\n\n<div class=\"container wysiwyg-content\">\n    \n<p><strong>III. CELE, ZAKRES, PODSTAWY PRAWNE PRZETWARZANIA DANYCH<\/strong><\/p>\n\n<\/div>\n\n<div class=\"container wysiwyg-content\">\n    \n<p>3.1. Podawanie przez U\u017cytkownika Strony danych osobowych jest dobrowolne, jednak\u017ce czasami mo\u017ce by\u0107 konieczne do cel\u00f3w zwi\u0105zanych ze wsp\u00f3\u0142prac\u0105 z Administratorem, dlatego niepodanie danych osobowych mo\u017ce niekiedy stanowi\u0107 podstaw\u0119 do odmowy nawi\u0105zania wsp\u00f3\u0142pracy przez Administratora b\u0105d\u017a jej rozwi\u0105zania.<\/p>\n\n<\/div>\n\n<div class=\"container wysiwyg-content\">\n    \n<p>3.2. Zakres danych, jakie przetwarzamy, zale\u017cy od tego, jakie informacje przeka\u017ce Administratorowi U\u017cytkownik np. w zwi\u0105zku z korzystaniem ze Strony, zawarciem oraz wykonaniem umowy. Szczeg\u00f3lnie dane osobowe U\u017cytkownika tj. w zakresie w zakresie imienia, nazwiska, adresu e-mail, nr telefonu i ewentualnie inne wskazane przy konkretnych us\u0142ugach, b\u0119d\u0105 przetwarzane w celach:<\/p>\n\n<\/div>\n\n<div class=\"container wysiwyg-content\">\n    \n<p>3.2.1. zwi\u0105zanych ze wsp\u00f3\u0142prac\u0105 lub nawi\u0105zaniem wsp\u00f3\u0142pracy z Administratorem;<\/p>\n\n<\/div>\n\n<div class=\"container wysiwyg-content\">\n    \n<p>3.2.2. prowadzenia korespondencji\/komunikacji, w tym obs\u0142uga pyta\u0144,&nbsp;zlece\u0144 i&nbsp;zam\u00f3wie\u0144, us\u0142ug oferowanych przez DATA&nbsp;ART (poczta, kontakt telefoniczny, mailowy, formularz&nbsp;kontaktowy, itp.;<\/p>\n\n<\/div>\n\n<div class=\"container wysiwyg-content\">\n    \n<p>3.2.3. zawarcia lub realizacji umowy;<\/p>\n\n<\/div>\n\n<div class=\"container wysiwyg-content\">\n    \n<p>3.2.4. rozlicze\u0144 finansowo-ksi\u0119gowych;<\/p>\n\n<\/div>\n\n<div class=\"container wysiwyg-content\">\n    \n<p>3.2.5. prowadzenia dzia\u0142a\u0144 marketingowych, w tym wysy\u0142ka informacji o produktach i&nbsp;us\u0142ugach DATA ART drog\u0105 elektroniczn\u0105 (e-mail) i telefoniczn\u0105 (telefon, SMS), na&nbsp;podstawie zgody U\u017cytkownika (art. 6 ust. 1 lit. a RODO w zw. z art. 398 Prawa komunikacji elektronicznej (zgoda na komunikacj\u0119 marketingow\u0105);<\/p>\n\n<\/div>\n\n<div class=\"container wysiwyg-content\">\n    \n<p>3.2.8. ewentualnych spor\u00f3w s\u0105dowych czy dzia\u0142a\u0144 windykacyjnych.<\/p>\n\n<\/div>\n\n<div class=\"container wysiwyg-content\">\n    \n<p>3.3. Administrator pozyskuje dane osobowe bezpo\u015brednio od U\u017cytkownika (m.in. poprzez formularz na Stronie, wiadomo\u015bci e-mail, podczas rozmowy telefonicznej, ustnie) lub po\u015brednio \u2013 np.&nbsp;je\u017celi U\u017cytkownik jest osob\u0105 wskazan\u0105 w firmie jako osoba do kontaktu z&nbsp;Administratorem).<\/p>\n\n<\/div>\n\n<div class=\"container wysiwyg-content\">\n    \n<p>(UWAGA: Je\u015bli z zwi\u0105zku np. z zawarciem umowy, realizacj\u0105 us\u0142ugi \u2013 osoba reprezentuj\u0105ca firm\u0119 przekazuje Administratorowi dane osobowe innych os\u00f3b, w\u00f3wczas zobowi\u0105zana jest poinformowa\u0107 te osoby o tre\u015bci niniejszej klauzuli informacyjnej).<\/p>\n\n<\/div>\n\n<div class=\"container wysiwyg-content\">\n    \n<p>3.4. Podstaw\u0105 przetwarzania danych osobowych U\u017cytkownika jest, w szczeg\u00f3lno\u015bci:<\/p>\n\n<\/div>\n\n<div class=\"container wysiwyg-content\">\n    \n<p>3.4.1. zgoda na przetwarzanie danych osobowych udzielona w jednym lub wi\u0119kszej liczbie okre\u015blonych cel\u00f3w, zgodnie z art. 6 ust. 1 lit. a) RODO;<\/p>\n\n<\/div>\n\n<div class=\"container wysiwyg-content\">\n    \n<p>3.4.2. niezb\u0119dno\u015b\u0107 do podj\u0119cia dzia\u0142a\u0144 na \u017c\u0105danie U\u017cytkownika przed zawarciem umowy oraz do wykonania umowy (us\u0142ugi, dostawy), zgodnie z art. 6 ust. 1 lit. b) RODO;<\/p>\n\n<\/div>\n\n<div class=\"container wysiwyg-content\">\n    \n<p>3.4.3. konieczno\u015b\u0107 przechowywania dokumentacji na potrzeby rozlicze\u0144 podatkowych i&nbsp;wype\u0142nienia innych obowi\u0105zk\u00f3w prawnych ci\u0105\u017c\u0105cych na Administratorze danych, zgodnie z art. 6 ust. 1 lit. c) RODO;<\/p>\n\n<\/div>\n\n<div class=\"container wysiwyg-content\">\n    \n<p>3.4.4. niezb\u0119dno\u015b\u0107 do cel\u00f3w wynikaj\u0105cych z prawnie uzasadnionych interes\u00f3w realizowanych przez Administratora danych lub przez stron\u0119 trzeci\u0105, zgodnie z art. 6 ust. 1 lit. f) RODO takich jak skuteczna komunikacja za po\u015brednictwem os\u00f3b wskazanych do kontaktu, bezpiecze\u0144stwo, obrona przed roszczeniami i\/lub dochodzenie wierzytelno\u015bci, marketing bezpo\u015bredni, poprawa jako\u015bci us\u0142ug oraz obs\u0142ugi U\u017cytkownika.<\/p>\n\n<\/div>\n\n<div class=\"container wysiwyg-content\">\n    \n<p>3.4.5. W zakresie wysy\u0142ki informacji handlowych drog\u0105 elektroniczn\u0105 (e-mail) i prowadzenia marketingu bezpo\u015bredniego za pomoc\u0105 telefonu \/ SMS podstaw\u0105 przetwarzania jest zgoda U\u017cytkownika, tj. art.&nbsp;6 ust.&nbsp;1 lit.&nbsp;a RODO w zw. z art.&nbsp;398 ustawy \u2013 Prawo komunikacji elektronicznej.<\/p>\n\n<\/div>\n\n<div class=\"container wysiwyg-content\">\n    \n<p><strong>IV. OKRES PRZECHOWYWANIA DANYCH<\/strong><\/p>\n\n<\/div>\n\n<div class=\"container wysiwyg-content\">\n    \n<p>4.1. Og\u00f3ln\u0105 zasad\u0105 u Administratora jest przetwarzane danych osobowych do momentu realizacji celu, dla kt\u00f3rego dane zosta\u0142y pozyskane nie p\u00f3\u017aniej jednak ni\u017c do up\u0142ywu termin\u00f3w na zg\u0142oszenie roszcze\u0144 (lub obrony przed roszczeniami) wynikaj\u0105cych z przepis\u00f3w prawa, a po tym czasie jedynie w przypadku i zakresie, w jakim b\u0119d\u0105 wymaga\u0107 tego przepisy prawa. W&nbsp;szczeg\u00f3lno\u015bci okres przetwarzania przez Administratora danych zale\u017cy od rodzaju \u015bwiadczonej us\u0142ugi i celu przetwarzania \u2013 np.:<\/p>\n\n<\/div>\n\n<div class=\"container wysiwyg-content\">\n    \n<p>4.1.1. w przypadku realizacji umowy &#8211; przez okres trwania umowy, a po jej zako\u0144czeniu przez czas niezb\u0119dny do: zabezpieczenia lub dochodzenia ewentualnych roszcze\u0144 wynikaj\u0105cych z umowy i\/lub wype\u0142nienia obowi\u0105zku prawnego Administratora,<\/p>\n\n<\/div>\n\n<div class=\"container wysiwyg-content\">\n    \n<p>4.1.2. dane przetwarzane na podstawie uzasadnionego interesu Administratora \u2013 do czasu zg\u0142oszenia skutecznego sprzeciwu lub ustania tego interesu,<\/p>\n\n<\/div>\n\n<div class=\"container wysiwyg-content\">\n    \n<p>4.1.3. dane przetwarzane na podstawie zgody &#8211; do czasu wycofania zgody,<\/p>\n\n<\/div>\n\n<div class=\"container wysiwyg-content\">\n    \n<p>4.1.4. w przypadku braku nawi\u0105zania wsp\u00f3\u0142pracy przez okres do 3 lat.<\/p>\n\n<\/div>\n\n<div class=\"container wysiwyg-content\">\n    \n<p><strong>V. ODBIORCY DANYCH<\/strong><\/p>\n\n<\/div>\n\n<div class=\"container wysiwyg-content\">\n    \n<p>5.1. Dane osobowe U\u017cytkownika przekazywane s\u0105 wy\u0142\u0105cznie podmiotom upowa\u017cnionym na podstawie przepis\u00f3w prawa oraz upowa\u017cnionym przez Administratora podmiotom przetwarzaj\u0105cym dane osobowe w jego imieniu na podstawie zawartej umowy. W szczeg\u00f3lno\u015bci s\u0105 to podmioty powi\u0105zane kapita\u0142owo, informatyczne, kadrowe, ksi\u0119gowe, prowadz\u0105ce dzia\u0142alno\u015b\u0107 pocztow\u0105, kuriersk\u0105, pomocy prawnej, p\u0142atnicz\u0105.<\/p>\n\n<\/div>\n\n<div class=\"container wysiwyg-content\">\n    \n<p><strong>VI. ZAUTOMATYZOWANE PODEJMOWANIE DECYZJI I PROFILOWANIE<\/strong><\/p>\n\n<\/div>\n\n<div class=\"container wysiwyg-content\">\n    \n<p>6.1. Dane osobowe U\u017cytkownika nie podlegaj\u0105 zautomatyzowanemu podejmowaniu decyzji, w tym profilowaniu.<\/p>\n\n<\/div>\n\n<div class=\"container wysiwyg-content\">\n    \n<p><strong>VII. PRZEKAZYWANIE DANYCH DO PA\u0143STW TRZECICH<\/strong><\/p>\n\n<\/div>\n\n<div class=\"container wysiwyg-content\">\n    \n<p>7.1. Co do zasady, dane osobowe U\u017cytkownika nie b\u0119d\u0105 przekazywane do pa\u0144stwa trzeciego poza obszar EOG oraz organizacji mi\u0119dzynarodowej.<\/p>\n\n<\/div>\n\n<div class=\"container wysiwyg-content\">\n    \n<p><strong>VIII. PRAWA U\u017bYTKOWNIK\u00d3W<\/strong><\/p>\n\n<\/div>\n\n<div class=\"container wysiwyg-content\">\n    \n<p>8.1. Zgodnie z RODO, przys\u0142uguj\u0105 U\u017cytkownikowi nast\u0119puj\u0105ce prawa:<\/p>\n\n<\/div>\n\n<div class=\"container wysiwyg-content\">\n    \n<p>8.1.1. prawo dost\u0119pu do tre\u015bci swoich danych,<\/p>\n\n<\/div>\n\n<div class=\"container wysiwyg-content\">\n    \n<p>8.1.2. prawo \u017c\u0105dania sprostowania i usuni\u0119cia swoich danych osobowych,<\/p>\n\n<\/div>\n\n<div class=\"container wysiwyg-content\">\n    \n<p>8.1.3. prawo do przenoszenia swoich danych osobowych,<\/p>\n\n<\/div>\n\n<div class=\"container wysiwyg-content\">\n    \n<p>8.1.4. prawo \u017c\u0105dania ograniczenia przetwarzania swoich danych osobowych,<\/p>\n\n<\/div>\n\n<div class=\"container wysiwyg-content\">\n    \n<p>8.1.5. prawo do wniesienia sprzeciwu wobec przetwarzania swoich danych osobowych,<\/p>\n\n<\/div>\n\n<div class=\"container wysiwyg-content\">\n    \n<p>8.1.6. prawo do wycofania w dowolnym momencie zgody na przetwarzanie swoich danych osobowych, jednak nie wp\u0142ynie to na zgodno\u015b\u0107 z prawem przetwarzania, kt\u00f3rego dokonano na podstawie zgody przed jej wycofaniem.<\/p>\n\n<\/div>\n\n<div class=\"container wysiwyg-content\">\n    \n<p>8.2. Ponadto, w przypadku stwierdzenia nieprawid\u0142owo\u015bci w przetwarzaniu danych osobowych, przys\u0142uguje U\u017cytkownikowi prawo wniesienia w tym zakresie skargi do organu nadzorczego, tj.&nbsp;Prezesa Urz\u0119du Ochrony Danych Osobowych.<\/p>\n\n<\/div>\n\n<div class=\"container wysiwyg-content\">\n    \n<p>8.3. Aby skorzysta\u0107 z wy\u017cej wymienionych praw, U\u017cytkownik powinien skontaktowa\u0107 si\u0119, wykorzystuj\u0105c podane dane kontaktowe, z Administratorem i poinformowa\u0107 go, z kt\u00f3rego prawa i w jakim zakresie chce skorzysta\u0107. Przy czym w przypadku kontaktu na odleg\u0142o\u015b\u0107, Administrator, na podstawie art. 12 ust. 6 RODO mo\u017ce \u017c\u0105da\u0107 dodatkowych informacji niezb\u0119dnych do potwierdzenia to\u017csamo\u015bci osoby, kt\u00f3rej dane dotycz\u0105.<\/p>\n\n<\/div>\n\n<div class=\"container wysiwyg-content\">\n    \n<p><strong>IX. BEZPIECZE\u0143STWO<\/strong><\/p>\n\n<\/div>\n\n<div class=\"container wysiwyg-content\">\n    \n<p>9.1. Administrator dba o bezpiecze\u0144stwo danych osobowych &#8211; starannie wybieraj\u0105c i stosuj\u0105c odpowiednie \u015brodki techniczne i organizacyjne w celu ochrony przetwarzanych danych osobowych stosownie do zagro\u017ce\u0144 oraz kategorii danych obj\u0119tych ochron\u0105. Administrator wdra\u017ca \u015brodki techniczne i organizacyjne, w celu skutecznej ochrony danych osobowych obj\u0119tych niniejsz\u0105 Polityk\u0105 przed nieuprawnionym dost\u0119pem, zniszczeniem, utrat\u0105, zmian\u0105 lub niew\u0142a\u015bciwym wykorzystaniem.<\/p>\n\n<\/div>\n\n<div class=\"container wysiwyg-content\">\n    \n<p>9.2. Dost\u0119p do danych jest przyznawany tylko osobom upowa\u017cnionym przez Administratora i jedynie w zakresie, w jakim jest to niezb\u0119dne ze wzgl\u0119du na wykonywane przez nie zadania. Ponadto, Administrator zobowi\u0105zuje partner\u00f3w\/podwykonawc\u00f3w, aby tak\u017ce stosowali odpowiednie \u015brodki bezpiecze\u0144stwa w przypadku, gdy przetwarzaj\u0105 dane osobowe na jego zlecenie.<\/p>\n\n<\/div>\n\n<div class=\"container wysiwyg-content\">\n    \n<p><strong>X. PLIKI COOKIES<\/strong><\/p>\n\n<\/div>\n\n<div class=\"container wysiwyg-content\">\n    \n<p>10.1. Pliki cookies (tzw. \u201eciasteczka\u201d) to niewielkie pliki tekstowe zapisywane na urz\u0105dzeniu ko\u0144cowym U\u017cytkownika (np. komputerze, tablecie, smartfonie) podczas korzystania ze Strony. Pliki cookies mog\u0105 by\u0107 wykorzystywane w celu zapewnienia prawid\u0142owego dzia\u0142ania Strony, poprawy jej funkcjonalno\u015bci oraz dostosowania tre\u015bci do preferencji U\u017cytkownika. Wyr\u00f3\u017cnia si\u0119 dwa podstawowe rodzaje plik\u00f3w cookies:<\/p>\n\n<\/div>\n\n<div class=\"container wysiwyg-content\">\n    \n<p>10.1.1. cookies sesyjne \u2013 usuwane po zako\u0144czeniu sesji przegl\u0105darki internetowej,<\/p>\n\n<\/div>\n\n<div class=\"container wysiwyg-content\">\n    \n<p>10.1.2. cookies trwa\u0142e \u2013 przechowywane na urz\u0105dzeniu U\u017cytkownika przez okre\u015blony czas lub do momentu ich usuni\u0119cia przez U\u017cytkownika.<\/p>\n\n<\/div>\n\n<div class=\"container wysiwyg-content\">\n    \n<p>10.2. Pliki cookies wykorzystywane przez Stron\u0119 nie s\u0142u\u017c\u0105 do przechowywania danych osobowych ani do gromadzenia informacji umo\u017cliwiaj\u0105cych bezpo\u015bredni\u0105 identyfikacj\u0119 U\u017cytkownika.<\/p>\n\n<\/div>\n\n<div class=\"container wysiwyg-content\">\n    \n<p>10.3. DATA ART mo\u017ce zapisywa\u0107 niezb\u0119dne pliki cookies na urz\u0105dzeniu U\u017cytkownika w&nbsp;momencie wej\u015bcia na Stron\u0119, je\u015bli jest to konieczne do jej prawid\u0142owego funkcjonowania (np. zapewnienia stabilno\u015bci dzia\u0142ania, bezpiecze\u0144stwa, obs\u0142ugi podstawowych funkcji). W&nbsp;przypadku niezb\u0119dnych pik\u00f3w cookies zgoda U\u017cytkownika nie jest wymagana.<\/p>\n\n<\/div>\n\n<div class=\"container wysiwyg-content\">\n    \n<p>10.4. W przypadku innych rodzaj\u00f3w plik\u00f3w cookies (np. analitycznych, marketingowych, spo\u0142eczno\u015bciowych) DATA ART uzyskuje uprzedni\u0105, wyra\u017an\u0105 zgod\u0119 U\u017cytkownika na ich stosowanie. Zgoda ta mo\u017ce by\u0107 wyra\u017cona poprzez odpowiedni wyb\u00f3r na banerze cookies.<\/p>\n\n<\/div>\n\n<div class=\"container wysiwyg-content\">\n    \n<p>10.5. Podczas pierwszej wizyty na Stronie U\u017cytkownikowi wy\u015bwietlany jest baner informuj\u0105cy o&nbsp;wykorzystywaniu plik\u00f3w cookies. Wyb\u00f3r opcji \u201eZezw\u00f3l na wszystkie\u201d oznacza akceptacj\u0119 wszystkich plik\u00f3w cookies oraz potwierdzenie zapoznania si\u0119 z informacjami dotycz\u0105cymi ich stosowania, cel\u00f3w oraz ewentualnego przekazywania danych partnerom DATA ART.<\/p>\n\n<\/div>\n\n<div class=\"container wysiwyg-content\">\n    \n<p>10.6. U\u017cytkownik mo\u017ce zarz\u0105dza\u0107 swoimi preferencjami dotycz\u0105cymi plik\u00f3w cookies, wybieraj\u0105c opcj\u0119 \u201eZezw\u00f3l na wyb\u00f3r\u201d na banerze cookies. U\u017cytkownik ma r\u00f3wnie\u017c mo\u017cliwo\u015b\u0107 zmiany udzielonych zg\u00f3d w dowolnym momencie, klikaj\u0105c w ikon\u0119 \u201espinacza\u201d umieszczon\u0105 w lewym dolnym rogu Strony.<\/p>\n\n<\/div>\n\n<div class=\"container wysiwyg-content\">\n    \n<p>10.7. U\u017cytkownik mo\u017ce tak\u017ce zarz\u0105dza\u0107 ustawieniami plik\u00f3w cookies za po\u015brednictwem ustawie\u0144 swojej przegl\u0105darki internetowej, w tym wy\u0142\u0105czy\u0107 zapisywanie plik\u00f3w cookies na swoim urz\u0105dzeniu. Wy\u0142\u0105czenie plik\u00f3w cookies mo\u017ce jednak wp\u0142yn\u0105\u0107 na dost\u0119pno\u015b\u0107 i funkcjonalno\u015b\u0107 niekt\u00f3rych us\u0142ug lub funkcji Strony.<\/p>\n\n<\/div>\n\n<div class=\"container wysiwyg-content\">\n    \n<p>10.8. Korzystaj\u0105c ze Strony, U\u017cytkownik mo\u017ce otrzymywa\u0107 pliki cookies pochodz\u0105ce od podmiot\u00f3w trzecich wsp\u00f3\u0142pracuj\u0105cych z Administratorem (tzw. cookies zewn\u0119trzne). DATA ART wykorzystuje te pliki cookies m.in. do tworzenia anonimowych statystyk i analizowania ruchu na Stronie w celu jej optymalizacji.&nbsp;<\/p>\n\n<\/div>\n\n<div class=\"container wysiwyg-content\">\n    \n<p>Informacje te s\u0105 zanonimizowane, nie s\u0105 \u0142\u0105czone z danymi osobowymi U\u017cytkownik\u00f3w i nie pozwalaj\u0105 na ich identyfikacj\u0119, zgodnie z przepisami RODO. Informacj\u0119 o takich podmiotach U\u017cytkownik znajdzie w banerze informuj\u0105cym o&nbsp;wykorzystywaniu plik\u00f3w cookies.<\/p>\n\n<\/div>\n\n<div class=\"container wysiwyg-content\">\n    \n<p><strong>XI. POSTANOWIENIA KO\u0143COWE<\/strong><\/p>\n\n<\/div>\n\n<div class=\"container wysiwyg-content\">\n    \n<p>11.1. Administrator zastrzega sobie prawo do wprowadzania zmian w Polityce.<\/p>\n\n<\/div>\n\n<div class=\"container wysiwyg-content\">\n    \n<p>11.2. Informacja o zmianach b\u0119dzie publikowana na Stronie w zak\u0142adce Polityka prywatno\u015bci.<\/p>\n\n<\/div>\n\n<div class=\"container wysiwyg-content\">\n    \n<p>11.3. Administrator zamie\u015bci\u0142 stosown\u0105 klauzul\u0119 informacyjn\u0105 na Stronie jako \u201eObowi\u0105zek informacyjny (RODO)\u201d.<\/p>\n\n<\/div>","protected":false},"excerpt":{"rendered":"<p>I. POSTANOWIENIA OG\u00d3LNE 1.1. Polityka Prywatno\u015bci (dalej tak\u017ce jako \u201ePolityka\u201d) ma charakter informacyjny i jest spe\u0142nieniem obowi\u0105zk\u00f3w informacyjnych na\u0142o\u017conych na administratora danych przez RODO tj.&nbsp;Rozporz\u0105dzenie 2016\/679 z dnia 27 kwietnia 2016 r. w sprawie ochrony os\u00f3b fizycznych w&nbsp;zwi\u0105zku z przetwarzaniem danych osobowych i w sprawie swobodnego przep\u0142ywu takich danych oraz uchylenia dyrektywy 95\/46\/WE (og\u00f3lne rozporz\u0105dzenie [&hellip;]<\/p>\n","protected":false},"author":1,"featured_media":0,"parent":0,"menu_order":0,"comment_status":"closed","ping_status":"closed","template":"","meta":{"_acf_changed":false,"inline_featured_image":false,"footnotes":""},"class_list":["post-160","page","type-page","status-publish","hentry"],"acf":[],"_links":{"self":[{"href":"https:\/\/dataart.studiostron.com.pl\/pl\/wp-json\/wp\/v2\/pages\/160","targetHints":{"allow":["GET"]}}],"collection":[{"href":"https:\/\/dataart.studiostron.com.pl\/pl\/wp-json\/wp\/v2\/pages"}],"about":[{"href":"https:\/\/dataart.studiostron.com.pl\/pl\/wp-json\/wp\/v2\/types\/page"}],"author":[{"embeddable":true,"href":"https:\/\/dataart.studiostron.com.pl\/pl\/wp-json\/wp\/v2\/users\/1"}],"replies":[{"embeddable":true,"href":"https:\/\/dataart.studiostron.com.pl\/pl\/wp-json\/wp\/v2\/comments?post=160"}],"version-history":[{"count":2,"href":"https:\/\/dataart.studiostron.com.pl\/pl\/wp-json\/wp\/v2\/pages\/160\/revisions"}],"predecessor-version":[{"id":175,"href":"https:\/\/dataart.studiostron.com.pl\/pl\/wp-json\/wp\/v2\/pages\/160\/revisions\/175"}],"wp:attachment":[{"href":"https:\/\/dataart.studiostron.com.pl\/pl\/wp-json\/wp\/v2\/media?parent=160"}],"curies":[{"name":"wp","href":"https:\/\/api.w.org\/{rel}","templated":true}]}}