{"id":159,"date":"2026-03-23T08:51:13","date_gmt":"2026-03-23T07:51:13","guid":{"rendered":"https:\/\/dataart.studiostron.com.pl\/obowiazek-informacyjny\/"},"modified":"2026-04-01T11:56:41","modified_gmt":"2026-04-01T09:56:41","slug":"obowiazek-informacyjny","status":"publish","type":"page","link":"https:\/\/dataart.studiostron.com.pl\/pl\/obowiazek-informacyjny\/","title":{"rendered":"Obowi\u0105zek Informacyjny"},"content":{"rendered":"<div class=\"container wysiwyg-content\">\n    \n<p>wynikaj\u0105cy z art. 13 Rozporz\u0105dzenia Parlamentu Europejskiego i Rady (UE) 2016\/679 z dnia 27.04.2016 r. w sprawie ochrony os\u00f3b fizycznych w zwi\u0105zku z przetwarzaniem danych osobowych i w sprawie swobodnego przep\u0142ywu takich danych oraz uchylenia dyrektywy 95\/46\/WE (\u201eRODO\u201d).<\/p>\n\n<\/div>\n\n<div class=\"container wysiwyg-content\">\n    \n<p>1. Administratorem danych osobowych jest DATA ART Sp. z o.o., z siedzib\u0105 w Toruniu (87-100) przy ul. W\u0142oc\u0142awskiej 161 zarejestrowana w S\u0105dzie Rejonowym w Toruniu VII Wydzia\u0142 Gospodarczy Krajowego Rejestru S\u0105dowego, KRS 0001149704, NIP 9562399584, Regon 540680689.<br><br>W razie pyta\u0144 lub w\u0105tpliwo\u015bci dotycz\u0105cych przetwarzania Pani\/Pana danych osobowych przez Administratora, mo\u017cna si\u0119 skontaktowa\u0107 z Inspektorem Ochrony Danych listownie (z dopiskiem \u201eInspektor Ochrony Danych&#8221;) na podany powy\u017cej adres siedziby lub przez email: office@data-art.eu<br><br>2. Pani\/Pana dane osobowe w zakresie imienia, nazwiska, adresu e-mail, nr telefonu, b\u0119d\u0105 przetwarzane w celach:<br>a. zwi\u0105zanych ze wsp\u00f3\u0142prac\u0105 lub nawi\u0105zaniem wsp\u00f3\u0142pracy z Administratorem;<br>b. prowadzenia korespondencji, w tym udzielenia odpowiedzi na zapytanie;<br>c. zawarcia lub realizacji umowy;<br>d. rozlicze\u0144 finansowo-ksi\u0119gowych;<br>e. prowadzenia dzia\u0142a\u0144 marketingowych w tym wysy\u0142ki informacji o produktach i us\u0142ugach Administratora drog\u0105 elektroniczn\u0105 (e-mail) i telefoniczn\u0105 (telefon, SMS) &#8211; na podstawie udzielonej przez Pani\u0105\/Pana zgody;<br>f. ewentualnych spor\u00f3w s\u0105dowych czy dzia\u0142a\u0144 windykacyjnych.<\/p>\n\n<\/div>\n\n<div class=\"container wysiwyg-content\">\n    \n<p>3. Otrzymali\u015bmy dane bezpo\u015brednio od Pani\/Pana (m.in. za po\u015brednictwem formularza na Stronie, wiadomo\u015bci e-mail, podczas rozmowy telefonicznej, ustnie) lub po\u015brednio (np. od Pani\/Pana firmy).<\/p>\n\n<\/div>\n\n<div class=\"container wysiwyg-content\">\n    \n<p>4. B\u0119dziemy przetwarza\u0107 Pani\/Pana dane osobowe:<br>a. przez okres trwania wsp\u00f3\u0142pracy, a po jej zako\u0144czeniu przez okres wymagany przepisami podatkowymi i rachunkowymi, <br>b. do momentu realizacji celu, dla kt\u00f3rego dane zosta\u0142y pozyskane nie p\u00f3\u017aniej jednak ni\u017c do up\u0142ywu termin\u00f3w na zg\u0142oszenie roszcze\u0144 wynikaj\u0105cych z przepis\u00f3w prawa,<br>c. w przypadku braku nawi\u0105zania wsp\u00f3\u0142pracy przez okres do 3 lat.<br>d. przetwarzane na potrzeby marketingu bezpo\u015bredniego produkt\u00f3w i us\u0142ug:<br>(i) w zakresie, w jakim podstaw\u0105 jest zgoda \u2013 do czasu jej wycofania,<br>(ii) w zakresie, w jakim podstaw\u0105 jest uzasadniony interes Administratora \u2013 do czasu zg\u0142oszenia skutecznego sprzeciwu.<\/p>\n\n<\/div>\n\n<div class=\"container wysiwyg-content\">\n    \n<p>5. Podstaw\u0105 przetwarzania Pani\/Pana danych osobowych jest, w szczeg\u00f3lno\u015bci:<br>a. zgoda na przetwarzanie danych osobowych udzielona w jednym lub wi\u0119kszej liczbie okre\u015blonych cel\u00f3w, zgodnie z art. 6 ust. 1 lit. a) RODO, w tym w zakresie komunikacji marketingowej realizowanej za pomoc\u0105 \u015brodk\u00f3w komunikacji elektronicznej (e-mail, telefon, SMS);<br>b. niezb\u0119dno\u015b\u0107 do podj\u0119cia dzia\u0142a\u0144 na \u017c\u0105danie Pani\/Pana przed zawarciem umowy oraz do wykonania umowy (us\u0142ugi, dostawy), zgodnie z art. 6 ust. 1 lit. b) RODO;<br>c. konieczno\u015b\u0107 przechowywania dokumentacji na potrzeby rozlicze\u0144 podatkowych i wype\u0142nienia innych obowi\u0105zk\u00f3w prawnych ci\u0105\u017c\u0105cych na Administratorze danych, zgodnie z art. 6 ust. 1 lit. c) RODO;<br>d. niezb\u0119dno\u015b\u0107 do cel\u00f3w wynikaj\u0105cych z prawnie uzasadnionych interes\u00f3w realizowanych przez Administratora danych lub przez stron\u0119 trzeci\u0105, zgodnie z art. 6 ust. 1 lit. f) RODO takich jak skuteczna komunikacja za po\u015brednictwem os\u00f3b wskazanych do kontaktu, bezpiecze\u0144stwo i ochrona infrastruktury, obrona przed roszczeniami i\/lub dochodzenie wierzytelno\u015bci, marketing bezpo\u015bredni oraz poprawa jako\u015bci us\u0142ug oraz obs\u0142ugi klienta\/U\u017cytkownika.<br><\/p>\n\n<\/div>\n\n<div class=\"container wysiwyg-content\">\n    \n<p>6. Informujemy, \u017ce posiada Pani\/Pan nast\u0119puj\u0105ce prawa zwi\u0105zane z przetwarzaniem danych osobowych:<br>a. prawo dost\u0119pu do tre\u015bci swoich danych,<br>b. prawo \u017c\u0105dania sprostowania i usuni\u0119cia swoich danych osobowych,<br>c. prawo do przenoszenia swoich danych osobowych,<br>d. prawo \u017c\u0105dania ograniczenia przetwarzania swoich danych osobowych,<br>e. prawo do wniesienia sprzeciwu wobec przetwarzania swoich danych osobowych,<br>f. prawo do wycofania w dowolnym momencie zgody na przetwarzanie swoich danych osobowych, jednak nie wp\u0142ynie to na zgodno\u015b\u0107 z prawem przetwarzania, kt\u00f3rego dokonano na podstawie zgody przed jej wycofaniem.<\/p>\n\n<\/div>\n\n<div class=\"container wysiwyg-content\">\n    \n<p>7. W przypadku stwierdzenia nieprawid\u0142owo\u015bci w przetwarzaniu danych osobowych, przys\u0142uguje Pani\/Panu prawo wniesienia w tym zakresie skargi do organu nadzorczego, tj. Prezesa Urz\u0119du Ochrony Danych Osobowych.<\/p>\n\n<\/div>\n\n<div class=\"container wysiwyg-content\">\n    \n<p>8. Pani\/Pana dane osobowe przekazujemy podmiotom upowa\u017cnionym na podstawie przepis\u00f3w prawa oraz upowa\u017cnionym przez Administratora podmiotom przetwarzaj\u0105cym dane osobowe w jego imieniu na podstawie zawartej umowy. W szczeg\u00f3lno\u015bci s\u0105 to podmioty powi\u0105zane kapita\u0142owo, informatyczne, kadrowe, ksi\u0119gowe, prowadz\u0105ce dzia\u0142alno\u015b\u0107 pocztow\u0105, kuriersk\u0105, pomocy prawnej, p\u0142atnicz\u0105.<\/p>\n\n<\/div>\n\n<div class=\"container wysiwyg-content\">\n    \n<p>9. Pani\/Pana dane nie b\u0119d\u0105 poddane zautomatyzowanemu przetwarzaniu, w tym w szczeg\u00f3lno\u015bci profilowaniu.<\/p>\n\n<\/div>\n\n<div class=\"container wysiwyg-content\">\n    \n<p>10. Pani\/Pana dane nie b\u0119d\u0105 przekazywane do pa\u0144stwa trzeciego poza obszar EOG oraz organizacji mi\u0119dzynarodowej.<\/p>\n\n<\/div>\n\n<div class=\"container wysiwyg-content\">\n    \n<p>11. Podanie danych jest dobrowolne, ale konieczne do wsp\u00f3\u0142pracy lub nawi\u0105zania wsp\u00f3\u0142pracy z DATA ART Sp. z o.o.<\/p>\n\n<\/div>","protected":false},"excerpt":{"rendered":"<p>wynikaj\u0105cy z art. 13 Rozporz\u0105dzenia Parlamentu Europejskiego i Rady (UE) 2016\/679 z dnia 27.04.2016 r. w sprawie ochrony os\u00f3b fizycznych w zwi\u0105zku z przetwarzaniem danych osobowych i w sprawie swobodnego przep\u0142ywu takich danych oraz uchylenia dyrektywy 95\/46\/WE (\u201eRODO\u201d). 1. Administratorem danych osobowych jest DATA ART Sp. z o.o., z siedzib\u0105 w Toruniu (87-100) przy ul. [&hellip;]<\/p>\n","protected":false},"author":1,"featured_media":0,"parent":0,"menu_order":0,"comment_status":"closed","ping_status":"closed","template":"","meta":{"_acf_changed":false,"inline_featured_image":false,"footnotes":""},"class_list":["post-159","page","type-page","status-publish","hentry"],"acf":[],"_links":{"self":[{"href":"https:\/\/dataart.studiostron.com.pl\/pl\/wp-json\/wp\/v2\/pages\/159","targetHints":{"allow":["GET"]}}],"collection":[{"href":"https:\/\/dataart.studiostron.com.pl\/pl\/wp-json\/wp\/v2\/pages"}],"about":[{"href":"https:\/\/dataart.studiostron.com.pl\/pl\/wp-json\/wp\/v2\/types\/page"}],"author":[{"embeddable":true,"href":"https:\/\/dataart.studiostron.com.pl\/pl\/wp-json\/wp\/v2\/users\/1"}],"replies":[{"embeddable":true,"href":"https:\/\/dataart.studiostron.com.pl\/pl\/wp-json\/wp\/v2\/comments?post=159"}],"version-history":[{"count":2,"href":"https:\/\/dataart.studiostron.com.pl\/pl\/wp-json\/wp\/v2\/pages\/159\/revisions"}],"predecessor-version":[{"id":177,"href":"https:\/\/dataart.studiostron.com.pl\/pl\/wp-json\/wp\/v2\/pages\/159\/revisions\/177"}],"wp:attachment":[{"href":"https:\/\/dataart.studiostron.com.pl\/pl\/wp-json\/wp\/v2\/media?parent=159"}],"curies":[{"name":"wp","href":"https:\/\/api.w.org\/{rel}","templated":true}]}}